{"id":345,"date":"2024-12-05T12:05:55","date_gmt":"2024-12-05T12:05:55","guid":{"rendered":"https:\/\/tasker24.de\/?page_id=345"},"modified":"2025-01-24T10:16:44","modified_gmt":"2025-01-24T10:16:44","slug":"allgemeine-geschaeftsbedingungen-agb","status":"publish","type":"page","link":"https:\/\/tasker24.de\/de\/allgemeine-geschaeftsbedingungen-agb\/","title":{"rendered":"Allgemeine Gesch\u00e4ftsbedingungen (AGB)"},"content":{"rendered":"<h2>Allgemeine Gesch\u00e4ftsbedingungen (AGB)<\/h2>\n<p>1. Geltungsbereich<br \/>Diese AGB gelten f\u00fcr alle Vertr\u00e4ge, die zwischen [Dein Firmenname] und seinen Kunden \u00fcber unsere Plattform abgeschlossen werden.<br \/>2. Leistungen<br \/>[Dein Firmenname] agiert als Vermittler zwischen Kunden und Dienstleistern. Wir stellen die Plattform zur Verf\u00fcgung, auf der Kunden und Dienstleister Vertr\u00e4ge direkt miteinander abschlie\u00dfen. [Dein Firmenname] \u00fcbernimmt keine Haftung f\u00fcr die durch Dienstleister erbrachten Leistungen.<br \/>3. Vertragsabschluss<br \/>Ein Vertrag kommt zustande, wenn der Kunde ein Angebot des Dienstleisters \u00fcber die Plattform annimmt. [Dein Firmenname] ist nicht Vertragspartner, sondern fungiert lediglich als Vermittler.<br \/>4. Zahlungsbedingungen<br \/>Die Zahlung erfolgt direkt zwischen dem Kunden und dem Dienstleister. [Dein Firmenname] erhebt eine Vermittlungsgeb\u00fchr, die nach erfolgreicher Auftragsausf\u00fchrung f\u00e4llig wird.<br \/>5. Haftungsausschluss<br \/>[Dein Firmenname] haftet nicht f\u00fcr Sch\u00e4den, die durch die Nutzung der Plattform oder durch die Dienstleistungen der vermittelten Dienstleister entstehen.<br \/>6. Datenschutz<br \/>Informationen zur Verarbeitung personenbezogener Daten finden sich in unserer [Datenschutzerkl\u00e4rung].<br \/>7. \u00c4nderungen der AGB<br \/>Wir behalten uns das Recht vor, diese AGB jederzeit zu \u00e4ndern. \u00c4nderungen werden auf unserer Webseite ver\u00f6ffentlicht und treten sofort in Kraft.<\/p>\n","protected":false},"excerpt":{"rendered":"<p>Allgemeine Gesch\u00e4ftsbedingungen (AGB) 1. GeltungsbereichDiese AGB gelten f\u00fcr alle Vertr\u00e4ge, die zwischen [Dein Firmenname] und seinen Kunden \u00fcber unsere Plattform abgeschlossen werden.2. Leistungen[Dein Firmenname] agiert als Vermittler zwischen Kunden und Dienstleistern. Wir stellen die Plattform zur Verf\u00fcgung, auf der Kunden und Dienstleister Vertr\u00e4ge direkt miteinander abschlie\u00dfen. [Dein Firmenname] \u00fcbernimmt keine Haftung f\u00fcr die durch Dienstleister [&hellip;]<\/p>\n","protected":false},"author":2,"featured_media":0,"parent":0,"menu_order":0,"comment_status":"closed","ping_status":"closed","template":"","meta":{"footnotes":""},"class_list":["post-345","page","type-page","status-publish","hentry"],"blocksy_meta":[],"yoast_head":"<!-- This site is optimized with the Yoast SEO plugin v24.6 - https:\/\/yoast.com\/wordpress\/plugins\/seo\/ -->\n<title>Allgemeine Gesch\u00e4ftsbedingungen (AGB) - Tasker24.de<\/title>\n<meta name=\"robots\" content=\"index, follow, max-snippet:-1, max-image-preview:large, max-video-preview:-1\" \/>\n<link rel=\"canonical\" href=\"https:\/\/tasker24.de\/de\/allgemeine-geschaeftsbedingungen-agb\/\" \/>\n<meta property=\"og:locale\" content=\"de_DE\" \/>\n<meta property=\"og:type\" content=\"article\" \/>\n<meta property=\"og:title\" content=\"Allgemeine Gesch\u00e4ftsbedingungen (AGB) - Tasker24.de\" \/>\n<meta property=\"og:description\" content=\"Allgemeine Gesch\u00e4ftsbedingungen (AGB) 1. GeltungsbereichDiese AGB gelten f\u00fcr alle Vertr\u00e4ge, die zwischen [Dein Firmenname] und seinen Kunden \u00fcber unsere Plattform abgeschlossen werden.2. Leistungen[Dein Firmenname] agiert als Vermittler zwischen Kunden und Dienstleistern. Wir stellen die Plattform zur Verf\u00fcgung, auf der Kunden und Dienstleister Vertr\u00e4ge direkt miteinander abschlie\u00dfen. [Dein Firmenname] \u00fcbernimmt keine Haftung f\u00fcr die durch Dienstleister [&hellip;]\" \/>\n<meta property=\"og:url\" content=\"https:\/\/tasker24.de\/de\/allgemeine-geschaeftsbedingungen-agb\/\" \/>\n<meta property=\"og:site_name\" content=\"Tasker24.de\" \/>\n<meta property=\"article:modified_time\" content=\"2025-01-24T10:16:44+00:00\" \/>\n<meta name=\"twitter:card\" content=\"summary_large_image\" \/>\n<meta name=\"twitter:label1\" content=\"Gesch\u00e4tzte Lesezeit\" \/>\n\t<meta name=\"twitter:data1\" content=\"1\u00a0Minute\" \/>\n<script type=\"application\/ld+json\" class=\"yoast-schema-graph\">{\"@context\":\"https:\/\/schema.org\",\"@graph\":[{\"@type\":\"WebPage\",\"@id\":\"https:\/\/tasker24.de\/de\/allgemeine-geschaeftsbedingungen-agb\/\",\"url\":\"https:\/\/tasker24.de\/de\/allgemeine-geschaeftsbedingungen-agb\/\",\"name\":\"Allgemeine Gesch\u00e4ftsbedingungen (AGB) - Tasker24.de\",\"isPartOf\":{\"@id\":\"https:\/\/tasker24.de\/de\/#website\"},\"datePublished\":\"2024-12-05T12:05:55+00:00\",\"dateModified\":\"2025-01-24T10:16:44+00:00\",\"breadcrumb\":{\"@id\":\"https:\/\/tasker24.de\/de\/allgemeine-geschaeftsbedingungen-agb\/#breadcrumb\"},\"inLanguage\":\"de\",\"potentialAction\":[{\"@type\":\"ReadAction\",\"target\":[\"https:\/\/tasker24.de\/de\/allgemeine-geschaeftsbedingungen-agb\/\"]}]},{\"@type\":\"BreadcrumbList\",\"@id\":\"https:\/\/tasker24.de\/de\/allgemeine-geschaeftsbedingungen-agb\/#breadcrumb\",\"itemListElement\":[{\"@type\":\"ListItem\",\"position\":1,\"name\":\"Home\",\"item\":\"https:\/\/tasker24.de\/de\/\"},{\"@type\":\"ListItem\",\"position\":2,\"name\":\"Allgemeine Gesch\u00e4ftsbedingungen (AGB)\"}]},{\"@type\":\"WebSite\",\"@id\":\"https:\/\/tasker24.de\/de\/#website\",\"url\":\"https:\/\/tasker24.de\/de\/\",\"name\":\"Tasker24.de\",\"description\":\"\",\"publisher\":{\"@id\":\"https:\/\/tasker24.de\/de\/#organization\"},\"potentialAction\":[{\"@type\":\"SearchAction\",\"target\":{\"@type\":\"EntryPoint\",\"urlTemplate\":\"https:\/\/tasker24.de\/de\/?s={search_term_string}\"},\"query-input\":{\"@type\":\"PropertyValueSpecification\",\"valueRequired\":true,\"valueName\":\"search_term_string\"}}],\"inLanguage\":\"de\"},{\"@type\":\"Organization\",\"@id\":\"https:\/\/tasker24.de\/de\/#organization\",\"name\":\"Tasker24.de\",\"url\":\"https:\/\/tasker24.de\/de\/\",\"logo\":{\"@type\":\"ImageObject\",\"inLanguage\":\"de\",\"@id\":\"https:\/\/tasker24.de\/de\/#\/schema\/logo\/image\/\",\"url\":\"https:\/\/tasker24.de\/wp-content\/uploads\/2024\/12\/logo.png\",\"contentUrl\":\"https:\/\/tasker24.de\/wp-content\/uploads\/2024\/12\/logo.png\",\"width\":74,\"height\":82,\"caption\":\"Tasker24.de\"},\"image\":{\"@id\":\"https:\/\/tasker24.de\/de\/#\/schema\/logo\/image\/\"}}]}<\/script>\n<!-- \/ Yoast SEO plugin. -->","yoast_head_json":{"title":"Allgemeine Gesch\u00e4ftsbedingungen (AGB) - Tasker24.de","robots":{"index":"index","follow":"follow","max-snippet":"max-snippet:-1","max-image-preview":"max-image-preview:large","max-video-preview":"max-video-preview:-1"},"canonical":"https:\/\/tasker24.de\/de\/allgemeine-geschaeftsbedingungen-agb\/","og_locale":"de_DE","og_type":"article","og_title":"Allgemeine Gesch\u00e4ftsbedingungen (AGB) - Tasker24.de","og_description":"Allgemeine Gesch\u00e4ftsbedingungen (AGB) 1. GeltungsbereichDiese AGB gelten f\u00fcr alle Vertr\u00e4ge, die zwischen [Dein Firmenname] und seinen Kunden \u00fcber unsere Plattform abgeschlossen werden.2. Leistungen[Dein Firmenname] agiert als Vermittler zwischen Kunden und Dienstleistern. Wir stellen die Plattform zur Verf\u00fcgung, auf der Kunden und Dienstleister Vertr\u00e4ge direkt miteinander abschlie\u00dfen. [Dein Firmenname] \u00fcbernimmt keine Haftung f\u00fcr die durch Dienstleister [&hellip;]","og_url":"https:\/\/tasker24.de\/de\/allgemeine-geschaeftsbedingungen-agb\/","og_site_name":"Tasker24.de","article_modified_time":"2025-01-24T10:16:44+00:00","twitter_card":"summary_large_image","twitter_misc":{"Gesch\u00e4tzte Lesezeit":"1\u00a0Minute"},"schema":{"@context":"https:\/\/schema.org","@graph":[{"@type":"WebPage","@id":"https:\/\/tasker24.de\/de\/allgemeine-geschaeftsbedingungen-agb\/","url":"https:\/\/tasker24.de\/de\/allgemeine-geschaeftsbedingungen-agb\/","name":"Allgemeine Gesch\u00e4ftsbedingungen (AGB) - Tasker24.de","isPartOf":{"@id":"https:\/\/tasker24.de\/de\/#website"},"datePublished":"2024-12-05T12:05:55+00:00","dateModified":"2025-01-24T10:16:44+00:00","breadcrumb":{"@id":"https:\/\/tasker24.de\/de\/allgemeine-geschaeftsbedingungen-agb\/#breadcrumb"},"inLanguage":"de","potentialAction":[{"@type":"ReadAction","target":["https:\/\/tasker24.de\/de\/allgemeine-geschaeftsbedingungen-agb\/"]}]},{"@type":"BreadcrumbList","@id":"https:\/\/tasker24.de\/de\/allgemeine-geschaeftsbedingungen-agb\/#breadcrumb","itemListElement":[{"@type":"ListItem","position":1,"name":"Home","item":"https:\/\/tasker24.de\/de\/"},{"@type":"ListItem","position":2,"name":"Allgemeine Gesch\u00e4ftsbedingungen (AGB)"}]},{"@type":"WebSite","@id":"https:\/\/tasker24.de\/de\/#website","url":"https:\/\/tasker24.de\/de\/","name":"Tasker24.de","description":"","publisher":{"@id":"https:\/\/tasker24.de\/de\/#organization"},"potentialAction":[{"@type":"SearchAction","target":{"@type":"EntryPoint","urlTemplate":"https:\/\/tasker24.de\/de\/?s={search_term_string}"},"query-input":{"@type":"PropertyValueSpecification","valueRequired":true,"valueName":"search_term_string"}}],"inLanguage":"de"},{"@type":"Organization","@id":"https:\/\/tasker24.de\/de\/#organization","name":"Tasker24.de","url":"https:\/\/tasker24.de\/de\/","logo":{"@type":"ImageObject","inLanguage":"de","@id":"https:\/\/tasker24.de\/de\/#\/schema\/logo\/image\/","url":"https:\/\/tasker24.de\/wp-content\/uploads\/2024\/12\/logo.png","contentUrl":"https:\/\/tasker24.de\/wp-content\/uploads\/2024\/12\/logo.png","width":74,"height":82,"caption":"Tasker24.de"},"image":{"@id":"https:\/\/tasker24.de\/de\/#\/schema\/logo\/image\/"}}]}},"_links":{"self":[{"href":"https:\/\/tasker24.de\/de\/wp-json\/wp\/v2\/pages\/345","targetHints":{"allow":["GET"]}}],"collection":[{"href":"https:\/\/tasker24.de\/de\/wp-json\/wp\/v2\/pages"}],"about":[{"href":"https:\/\/tasker24.de\/de\/wp-json\/wp\/v2\/types\/page"}],"author":[{"embeddable":true,"href":"https:\/\/tasker24.de\/de\/wp-json\/wp\/v2\/users\/2"}],"replies":[{"embeddable":true,"href":"https:\/\/tasker24.de\/de\/wp-json\/wp\/v2\/comments?post=345"}],"version-history":[{"count":4,"href":"https:\/\/tasker24.de\/de\/wp-json\/wp\/v2\/pages\/345\/revisions"}],"predecessor-version":[{"id":349,"href":"https:\/\/tasker24.de\/de\/wp-json\/wp\/v2\/pages\/345\/revisions\/349"}],"wp:attachment":[{"href":"https:\/\/tasker24.de\/de\/wp-json\/wp\/v2\/media?parent=345"}],"curies":[{"name":"wp","href":"https:\/\/api.w.org\/{rel}","templated":true}]}}